{"id":4062,"date":"2023-10-01T17:08:21","date_gmt":"2023-10-01T17:08:21","guid":{"rendered":"https:\/\/www.evaprepeva.com\/?page_id=4062"},"modified":"2024-03-19T11:03:56","modified_gmt":"2024-03-19T10:03:56","slug":"zapestniceupanja","status":"publish","type":"page","link":"https:\/\/www.evaprepeva.com\/sl\/zapestniceupanja\/","title":{"rendered":"ZAPESTNICE UPANJA"},"content":{"rendered":"<div data-elementor-type=\"wp-page\" data-elementor-id=\"4062\" class=\"elementor elementor-4062\">\n\t\t\t\t\t\t<section class=\"elementor-section elementor-top-section elementor-element elementor-element-bb05363 elementor-section-full_width elementor-section-height-min-height elementor-section-height-default elementor-section-items-middle\" data-id=\"bb05363\" data-element_type=\"section\" data-e-type=\"section\" data-settings=\"{&quot;background_background&quot;:&quot;classic&quot;,&quot;shape_divider_bottom&quot;:&quot;mountains&quot;}\">\n\t\t\t\t\t<div class=\"elementor-shape elementor-shape-bottom\" aria-hidden=\"true\" data-negative=\"false\">\n\t\t\t<svg xmlns=\"http:\/\/www.w3.org\/2000\/svg\" viewbox=\"0 0 1000 100\" preserveaspectratio=\"none\">\n\t<path class=\"elementor-shape-fill\" opacity=\"0.33\" d=\"M473,67.3c-203.9,88.3-263.1-34-320.3,0C66,119.1,0,59.7,0,59.7V0h1000v59.7 c0,0-62.1,26.1-94.9,29.3c-32.8,3.3-62.8-12.3-75.8-22.1C806,49.6,745.3,8.7,694.9,4.7S492.4,59,473,67.3z\"\/>\n\t<path class=\"elementor-shape-fill\" opacity=\"0.66\" d=\"M734,67.3c-45.5,0-77.2-23.2-129.1-39.1c-28.6-8.7-150.3-10.1-254,39.1 s-91.7-34.4-149.2,0C115.7,118.3,0,39.8,0,39.8V0h1000v36.5c0,0-28.2-18.5-92.1-18.5C810.2,18.1,775.7,67.3,734,67.3z\"\/>\n\t<path class=\"elementor-shape-fill\" d=\"M766.1,28.9c-200-57.5-266,65.5-395.1,19.5C242,1.8,242,5.4,184.8,20.6C128,35.8,132.3,44.9,89.9,52.5C28.6,63.7,0,0,0,0 h1000c0,0-9.9,40.9-83.6,48.1S829.6,47,766.1,28.9z\"\/>\n<\/svg>\t\t<\/div>\n\t\t\t\t\t<div class=\"elementor-container elementor-column-gap-default\">\n\t\t\t\t\t<div class=\"elementor-column elementor-col-100 elementor-top-column elementor-element elementor-element-f67e648\" data-id=\"f67e648\" data-element_type=\"column\" data-e-type=\"column\">\n\t\t\t<div class=\"elementor-widget-wrap elementor-element-populated\">\n\t\t\t\t\t\t<div class=\"elementor-element elementor-element-a6628dd elementor-widget elementor-widget-spacer\" data-id=\"a6628dd\" data-element_type=\"widget\" data-e-type=\"widget\" data-widget_type=\"spacer.default\">\n\t\t\t\t<div class=\"elementor-widget-container\">\n\t\t\t\t\t\t\t<div class=\"elementor-spacer\">\n\t\t\t<div class=\"elementor-spacer-inner\"><\/div>\n\t\t<\/div>\n\t\t\t\t\t\t<\/div>\n\t\t\t\t<\/div>\n\t\t\t\t\t<\/div>\n\t\t<\/div>\n\t\t\t\t\t<\/div>\n\t\t<\/section>\n\t\t\t\t<section class=\"elementor-section elementor-top-section elementor-element elementor-element-7d27874 elementor-section-boxed elementor-section-height-default elementor-section-height-default\" data-id=\"7d27874\" data-element_type=\"section\" data-e-type=\"section\">\n\t\t\t\t\t\t\t<div class=\"elementor-background-overlay\"><\/div>\n\t\t\t\t\t\t\t<div class=\"elementor-container elementor-column-gap-default\">\n\t\t\t\t\t<div class=\"elementor-column elementor-col-100 elementor-top-column elementor-element elementor-element-4dccd9f\" data-id=\"4dccd9f\" data-element_type=\"column\" data-e-type=\"column\">\n\t\t\t<div class=\"elementor-widget-wrap elementor-element-populated\">\n\t\t\t\t\t\t<div class=\"elementor-element elementor-element-d5f4027 elementor-widget elementor-widget-heading\" data-id=\"d5f4027\" data-element_type=\"widget\" data-e-type=\"widget\" data-widget_type=\"heading.default\">\n\t\t\t\t<div class=\"elementor-widget-container\">\n\t\t\t\t\t<h2 class=\"elementor-heading-title elementor-size-default\">ZAPESTNICE UPANJA<\/h2>\t\t\t\t<\/div>\n\t\t\t\t<\/div>\n\t\t\t\t<div class=\"elementor-element elementor-element-c149f47 elementor-widget__width-initial elementor-widget elementor-widget-text-editor\" data-id=\"c149f47\" data-element_type=\"widget\" data-e-type=\"widget\" data-widget_type=\"text-editor.default\">\n\t\t\t\t<div class=\"elementor-widget-container\">\n\t\t\t\t\t\t\t\t\t<div data-message-id=\"#msg-f:1778704145556593405\" data-legacy-message-id=\"18af39ff146a5afd\">\n<div>\n<div>\n<div>\n<div>\n<div dir=\"auto\">\n<h4><font color=\"#565656\" face=\"Cabin, sans-serif\"><span style=\"font-size: 17px;\"><b><i>Projekt je zaklju\u010den.<\/i><\/b><\/span><\/font><\/h4><h4><i style=\"font-size: 17px; font-weight: inherit; color: var(--ast-global-color-3); font-family: Cabin, sans-serif;\"><strong> Zapestnice upanja<\/strong><b> so skupni projekt dru\u0161tva <a href=\"http:\/\/www.projektvida.org\">Humanitar\u010dek<\/a> in akademske slikarke&nbsp;<\/b><\/i><a style=\"font-size: 17px; font-style: inherit; font-weight: inherit; font-family: Cabin, sans-serif; background-color: rgba(222, 197, 166, 0.51);\" href=\"https:\/\/www.evaprepeva.com\/sl\/about\/\" target=\"_blank\" rel=\"noopener\">Eve Keti\u0161<\/a><i style=\"font-size: 17px; font-weight: inherit; color: var(--ast-global-color-3); font-family: Cabin, sans-serif;\"><b>, ki ustvarja pod imenom Eva Prepeva.<\/b><\/i><\/h4>\n<h4>GLINA:<\/h4>\n<p>Izbor materiala (tj. gline) ima v projektu pomembno simbolno vrednost, saj glina s svojimi lastnostmi \u017ee tiso\u010dletja simbolizira prenovo, nove za\u010detke. Obenem pa s svojimi lastnostmi ka\u017ee vse razse\u017enosti narave. Vsaka glinena zapestnica je unikatno, ro\u010dno delo. \u017dgana je na 1230 stopinj, kar ji podari neuni\u010dljivo trdnost.<\/p>\n<p><span style=\"color: var(--ast-global-color-2); font-family: Montserrat, sans-serif; font-size: 1.17647rem; font-style: inherit; text-transform: uppercase;\">SIMBOLIKA:<\/span><\/p>\n<p>Vsaka zapestnica nosi simbol drevesa \u017eivljenja.<\/p>\n<p>Mlado drevo za\u010dne svoje \u017eivljenje s plitvimi koreninami, ki se s\u010dasoma krepijo in segajo vse globlje. Tudi veje so na za\u010detku majhne in se po\u010dasi raztezajo proti nebu, segajo proti soncu. Tako kot drevo raste, se tudi \u010dlovek po\u010dasi krepi in sega k novim znanjem in \u017eivljenjskim izku\u0161njam.<\/p>\n<p>Drevo \u017eivljenja nas opominja, da nismo \u00bbotoki\u00ab, temve\u010d smo globoko povezani s svetom okrog nas, ta pa nam omogo\u010da na\u0161o rast, napredek in razvoj.&nbsp;Obenem pa drevo \u017eivljenja simbolizira tudi ponovno rojstvo. Jeseni drevesa izgubijo liste in pri\u010dne se nekajmese\u010dna hibernacija. Toda spomladi drevo po\u017eene nove poganjke in liste ter je \u00bbponovno rojeno\u00ab, tako nas spominja na nove za\u010detke, pozitivno energijo, zdravje in svetlo prihodnost.<\/p>\n<h4>Ena barva &#8211; ena regija<\/h4>\n<p>Na voljo so razli\u010dne barve zapestnic, ki simbolizirajo posamezno poplavljeno regijo. Izbrana barva oz. regija je v celoti prejemnica sredstev, zbranih z nakupom zapestnice.<\/p>\n<h5>Koro\u0161ka &#8211; \u010drna barva<\/h5>\n<h5>Savinjska &#8211; zelena barva<\/h5>\n<h5>Osrednja Slovenija &#8211; siva<\/h5>\n<h5>Modra &#8211; ostala podro\u010dja<\/h5>\n<h4>Poraba sredstev<\/h4>\n<p>Cena zapestnice je 22e, kar je minimalna cena, ki je potrebna za obnovo enega poplavljenega kvadratnega metra. Sredstva so v celoti namenjena za NAKUP MATERIALA za obnovo.<\/p>\n<h4>Razdelitev materiala<\/h4>\n<p>Razdelitev materiala je obratno sorazmerna s samim socialnim statusom, prejemniki materiala so ovrednoteni glede na popis \u0161kode v sistemu Ajda, splo\u0161no socialno stanje, predhodne humanitarne prejemke.<\/p>\n<h4>Naro\u010dila:<\/h4>\n<p>Projekt je zaklju\u010den.&nbsp;<span style=\"font-style: inherit; font-weight: inherit; color: var(--ast-global-color-3);\">&nbsp;<\/span><\/p>\n<p><span style=\"font-style: inherit; font-weight: inherit; color: var(--ast-global-color-3);\">Zapestnic iz akcije <\/span><i style=\"font-weight: inherit; color: var(--ast-global-color-3);\">Zapestnice upanja<\/i><span style=\"font-style: inherit; font-weight: inherit; color: var(--ast-global-color-3);\"> NI mogo\u010de personalizirati.<\/span><span style=\"color: var(--ast-global-color-3); font-style: inherit; font-weight: inherit;\">&nbsp;<\/span><\/p>\n<div dir=\"ltr\" style=\"text-align: right;\">Ninna Kozorog<\/div>\n<div dir=\"ltr\" style=\"text-align: left;\">\n<div class=\"x11i5rnm xat24cr x1mh8g0r x1vvkbs xtlvy1s x126k92a\">\n<div dir=\"auto\">&nbsp;<\/div>\n<\/div>\n<\/div>\n<\/div>\n<\/div>\n<\/div>\n<\/div>\n<\/div>\n<\/div>\t\t\t\t\t\t\t\t<\/div>\n\t\t\t\t<\/div>\n\t\t\t\t\t<\/div>\n\t\t<\/div>\n\t\t\t\t\t<\/div>\n\t\t<\/section>\n\t\t\t\t<section class=\"elementor-section elementor-top-section elementor-element elementor-element-1bb370f elementor-section-boxed elementor-section-height-default elementor-section-height-default\" data-id=\"1bb370f\" data-element_type=\"section\" data-e-type=\"section\">\n\t\t\t\t\t\t<div class=\"elementor-container elementor-column-gap-default\">\n\t\t\t\t\t<div class=\"elementor-column elementor-col-100 elementor-top-column elementor-element elementor-element-48fa4dc\" data-id=\"48fa4dc\" data-element_type=\"column\" data-e-type=\"column\">\n\t\t\t<div class=\"elementor-widget-wrap elementor-element-populated\">\n\t\t\t\t\t\t<div class=\"elementor-element elementor-element-09360b2 elementor-widget elementor-widget-shortcode\" data-id=\"09360b2\" data-element_type=\"widget\" data-e-type=\"widget\" data-widget_type=\"shortcode.default\">\n\t\t\t\t<div class=\"elementor-widget-container\">\n\t\t\t\t\t\t\t<div class=\"elementor-shortcode\"><div class=\"woocommerce columns-4\"><\/div><\/div>\n\t\t\t\t\t\t<\/div>\n\t\t\t\t<\/div>\n\t\t\t\t\t<\/div>\n\t\t<\/div>\n\t\t\t\t\t<\/div>\n\t\t<\/section>\n\t\t\t\t<\/div>","protected":false},"excerpt":{"rendered":"<p>ZAPESTNICE UPANJA Projekt je zaklju\u010den. Zapestnice upanja so skupni projekt dru\u0161tva Humanitar\u010dek in akademske slikarke&nbsp;Eve Keti\u0161, ki ustvarja pod imenom Eva Prepeva. GLINA: Izbor materiala (tj. gline) ima v projektu pomembno simbolno vrednost, saj glina s svojimi lastnostmi \u017ee tiso\u010dletja simbolizira prenovo, nove za\u010detke. Obenem pa s svojimi lastnostmi ka\u017ee vse razse\u017enosti narave. Vsaka glinena [&hellip;]<\/p>\n","protected":false},"author":1,"featured_media":4159,"parent":0,"menu_order":0,"comment_status":"closed","ping_status":"closed","template":"","meta":{"site-sidebar-layout":"no-sidebar","site-content-layout":"page-builder","ast-site-content-layout":"full-width-container","site-content-style":"unboxed","site-sidebar-style":"unboxed","ast-global-header-display":"","ast-banner-title-visibility":"","ast-main-header-display":"","ast-hfb-above-header-display":"","ast-hfb-below-header-display":"","ast-hfb-mobile-header-display":"","site-post-title":"disabled","ast-breadcrumbs-content":"","ast-featured-img":"disabled","footer-sml-layout":"","theme-transparent-header-meta":"enabled","adv-header-id-meta":"","stick-header-meta":"","header-above-stick-meta":"","header-main-stick-meta":"","header-below-stick-meta":"","astra-migrate-meta-layouts":"set","ast-page-background-enabled":"default","ast-page-background-meta":{"desktop":{"background-color":"","background-image":"","background-repeat":"repeat","background-position":"center center","background-size":"auto","background-attachment":"scroll","background-type":"","background-media":"","overlay-type":"","overlay-color":"","overlay-gradient":""},"tablet":{"background-color":"","background-image":"","background-repeat":"repeat","background-position":"center center","background-size":"auto","background-attachment":"scroll","background-type":"","background-media":"","overlay-type":"","overlay-color":"","overlay-gradient":""},"mobile":{"background-color":"","background-image":"","background-repeat":"repeat","background-position":"center center","background-size":"auto","background-attachment":"scroll","background-type":"","background-media":"","overlay-type":"","overlay-color":"","overlay-gradient":""}},"ast-content-background-meta":{"desktop":{"background-color":"var(--ast-global-color-5)","background-image":"","background-repeat":"repeat","background-position":"center center","background-size":"auto","background-attachment":"scroll","background-type":"","background-media":"","overlay-type":"","overlay-color":"","overlay-gradient":""},"tablet":{"background-color":"var(--ast-global-color-5)","background-image":"","background-repeat":"repeat","background-position":"center center","background-size":"auto","background-attachment":"scroll","background-type":"","background-media":"","overlay-type":"","overlay-color":"","overlay-gradient":""},"mobile":{"background-color":"var(--ast-global-color-5)","background-image":"","background-repeat":"repeat","background-position":"center center","background-size":"auto","background-attachment":"scroll","background-type":"","background-media":"","overlay-type":"","overlay-color":"","overlay-gradient":""}},"footnotes":""},"class_list":["post-4062","page","type-page","status-publish","has-post-thumbnail","hentry"],"yoast_head":"<!-- This site is optimized with the Yoast SEO plugin v27.3 - https:\/\/yoast.com\/product\/yoast-seo-wordpress\/ -->\n<title>ZAPESTNICE UPANJA - Eva Prepeva<\/title>\n<meta name=\"description\" content=\"Zapestnice upanja so dobrodelni projekt dru\u0161tva Humanitar\u010dek in ustvarjalke Eva Prepeva. Njihov izkupi\u010dek je namenjen \u017ertvam poplav v Sloveniji.\" \/>\n<meta name=\"robots\" content=\"index, follow, max-snippet:-1, max-image-preview:large, max-video-preview:-1\" \/>\n<link rel=\"canonical\" href=\"https:\/\/www.evaprepeva.com\/sl\/zapestniceupanja\/\" \/>\n<meta property=\"og:locale\" content=\"sl_SI\" \/>\n<meta property=\"og:type\" content=\"article\" \/>\n<meta property=\"og:title\" content=\"Zapestnice upanja\" \/>\n<meta property=\"og:description\" content=\"Zapestnice upanja so skupni projekt dru\u0161tva Humanitar\u010dek in akademske slikarke Eve Keti\u0161, ki ustvarja pod imenom Eva Prepeva.\" \/>\n<meta property=\"og:url\" content=\"https:\/\/www.evaprepeva.com\/sl\/zapestniceupanja\/\" \/>\n<meta property=\"og:site_name\" content=\"Evaprepeva\" \/>\n<meta property=\"article:publisher\" content=\"https:\/\/www.facebook.com\/EvaPrepeva\" \/>\n<meta property=\"article:modified_time\" content=\"2024-03-19T10:03:56+00:00\" \/>\n<meta property=\"og:image\" content=\"https:\/\/www.evaprepeva.com\/wp-content\/uploads\/2023\/10\/20231003_165120-scaled.jpg\" \/>\n\t<meta property=\"og:image:width\" content=\"2560\" \/>\n\t<meta property=\"og:image:height\" content=\"1920\" \/>\n\t<meta property=\"og:image:type\" content=\"image\/jpeg\" \/>\n<meta name=\"twitter:card\" content=\"summary_large_image\" \/>\n<meta name=\"twitter:title\" content=\"Zapestnice upanja\" \/>\n<meta name=\"twitter:description\" content=\"Zapestnice upanja so skupni projekt dru\u0161tva Humanitar\u010dek in akademske slikarke Eve Keti\u0161, ki ustvarja pod imenom Eva Prepeva.\" \/>\n<meta name=\"twitter:image\" content=\"https:\/\/i0.wp.com\/www.evaprepeva.com\/wp-content\/uploads\/2023\/10\/20231003_165120-scaled.jpg?fit=2560%2C1920&ssl=1\" \/>\n<meta name=\"twitter:label1\" content=\"Est. reading time\" \/>\n\t<meta name=\"twitter:data1\" content=\"2 minuti\" \/>\n<script type=\"application\/ld+json\" class=\"yoast-schema-graph\">{\"@context\":\"https:\\\/\\\/schema.org\",\"@graph\":[{\"@type\":\"WebPage\",\"@id\":\"https:\\\/\\\/www.evaprepeva.com\\\/zapestniceupanja\\\/\",\"url\":\"https:\\\/\\\/www.evaprepeva.com\\\/zapestniceupanja\\\/\",\"name\":\"ZAPESTNICE UPANJA - Eva Prepeva\",\"isPartOf\":{\"@id\":\"https:\\\/\\\/www.evaprepeva.com\\\/#website\"},\"primaryImageOfPage\":{\"@id\":\"https:\\\/\\\/www.evaprepeva.com\\\/zapestniceupanja\\\/#primaryimage\"},\"image\":{\"@id\":\"https:\\\/\\\/www.evaprepeva.com\\\/zapestniceupanja\\\/#primaryimage\"},\"thumbnailUrl\":\"https:\\\/\\\/i0.wp.com\\\/www.evaprepeva.com\\\/wp-content\\\/uploads\\\/2023\\\/10\\\/20231003_165049-scaled.jpg?fit=1920%2C2560&ssl=1\",\"datePublished\":\"2023-10-01T17:08:21+00:00\",\"dateModified\":\"2024-03-19T10:03:56+00:00\",\"description\":\"Zapestnice upanja so dobrodelni projekt dru\u0161tva Humanitar\u010dek in ustvarjalke Eva Prepeva. Njihov izkupi\u010dek je namenjen \u017ertvam poplav v Sloveniji.\",\"breadcrumb\":{\"@id\":\"https:\\\/\\\/www.evaprepeva.com\\\/zapestniceupanja\\\/#breadcrumb\"},\"inLanguage\":\"sl-SI\",\"potentialAction\":[{\"@type\":\"ReadAction\",\"target\":[\"https:\\\/\\\/www.evaprepeva.com\\\/zapestniceupanja\\\/\"]}]},{\"@type\":\"ImageObject\",\"inLanguage\":\"sl-SI\",\"@id\":\"https:\\\/\\\/www.evaprepeva.com\\\/zapestniceupanja\\\/#primaryimage\",\"url\":\"https:\\\/\\\/i0.wp.com\\\/www.evaprepeva.com\\\/wp-content\\\/uploads\\\/2023\\\/10\\\/20231003_165049-scaled.jpg?fit=1920%2C2560&ssl=1\",\"contentUrl\":\"https:\\\/\\\/i0.wp.com\\\/www.evaprepeva.com\\\/wp-content\\\/uploads\\\/2023\\\/10\\\/20231003_165049-scaled.jpg?fit=1920%2C2560&ssl=1\",\"width\":1920,\"height\":2560},{\"@type\":\"BreadcrumbList\",\"@id\":\"https:\\\/\\\/www.evaprepeva.com\\\/zapestniceupanja\\\/#breadcrumb\",\"itemListElement\":[{\"@type\":\"ListItem\",\"position\":1,\"name\":\"Home\",\"item\":\"https:\\\/\\\/www.evaprepeva.com\\\/\"},{\"@type\":\"ListItem\",\"position\":2,\"name\":\"ZAPESTNICE UPANJA\"}]},{\"@type\":\"WebSite\",\"@id\":\"https:\\\/\\\/www.evaprepeva.com\\\/#website\",\"url\":\"https:\\\/\\\/www.evaprepeva.com\\\/\",\"name\":\"Eva Prepeva\",\"description\":\"\",\"publisher\":{\"@id\":\"https:\\\/\\\/www.evaprepeva.com\\\/#organization\"},\"potentialAction\":[{\"@type\":\"SearchAction\",\"target\":{\"@type\":\"EntryPoint\",\"urlTemplate\":\"https:\\\/\\\/www.evaprepeva.com\\\/?s={search_term_string}\"},\"query-input\":{\"@type\":\"PropertyValueSpecification\",\"valueRequired\":true,\"valueName\":\"search_term_string\"}}],\"inLanguage\":\"sl-SI\"},{\"@type\":\"Organization\",\"@id\":\"https:\\\/\\\/www.evaprepeva.com\\\/#organization\",\"name\":\"Eva Prepeva\",\"url\":\"https:\\\/\\\/www.evaprepeva.com\\\/\",\"logo\":{\"@type\":\"ImageObject\",\"inLanguage\":\"sl-SI\",\"@id\":\"https:\\\/\\\/www.evaprepeva.com\\\/#\\\/schema\\\/logo\\\/image\\\/\",\"url\":\"https:\\\/\\\/i0.wp.com\\\/www.evaprepeva.com\\\/wp-content\\\/uploads\\\/2024\\\/04\\\/logo-krogec-bel.png?fit=568%2C568&ssl=1\",\"contentUrl\":\"https:\\\/\\\/i0.wp.com\\\/www.evaprepeva.com\\\/wp-content\\\/uploads\\\/2024\\\/04\\\/logo-krogec-bel.png?fit=568%2C568&ssl=1\",\"width\":568,\"height\":568,\"caption\":\"Eva Prepeva\"},\"image\":{\"@id\":\"https:\\\/\\\/www.evaprepeva.com\\\/#\\\/schema\\\/logo\\\/image\\\/\"},\"sameAs\":[\"https:\\\/\\\/www.facebook.com\\\/EvaPrepeva\",\"https:\\\/\\\/www.instagram.com\\\/eva_prepeva\\\/\"]}]}<\/script>\n<!-- \/ Yoast SEO plugin. -->","yoast_head_json":{"title":"ZAPESTNICE UPANJA - Eva Prepeva","description":"Zapestnice upanja so dobrodelni projekt dru\u0161tva Humanitar\u010dek in ustvarjalke Eva Prepeva. Njihov izkupi\u010dek je namenjen \u017ertvam poplav v Sloveniji.","robots":{"index":"index","follow":"follow","max-snippet":"max-snippet:-1","max-image-preview":"max-image-preview:large","max-video-preview":"max-video-preview:-1"},"canonical":"https:\/\/www.evaprepeva.com\/sl\/zapestniceupanja\/","og_locale":"sl_SI","og_type":"article","og_title":"Zapestnice upanja","og_description":"Zapestnice upanja so skupni projekt dru\u0161tva Humanitar\u010dek in akademske slikarke Eve Keti\u0161, ki ustvarja pod imenom Eva Prepeva.","og_url":"https:\/\/www.evaprepeva.com\/sl\/zapestniceupanja\/","og_site_name":"Evaprepeva","article_publisher":"https:\/\/www.facebook.com\/EvaPrepeva","article_modified_time":"2024-03-19T10:03:56+00:00","og_image":[{"width":2560,"height":1920,"url":"https:\/\/www.evaprepeva.com\/wp-content\/uploads\/2023\/10\/20231003_165120-scaled.jpg","type":"image\/jpeg"}],"twitter_card":"summary_large_image","twitter_title":"Zapestnice upanja","twitter_description":"Zapestnice upanja so skupni projekt dru\u0161tva Humanitar\u010dek in akademske slikarke Eve Keti\u0161, ki ustvarja pod imenom Eva Prepeva.","twitter_image":"https:\/\/i0.wp.com\/www.evaprepeva.com\/wp-content\/uploads\/2023\/10\/20231003_165120-scaled.jpg?fit=2560%2C1920&ssl=1","twitter_misc":{"Est. reading time":"2 minuti"},"schema":{"@context":"https:\/\/schema.org","@graph":[{"@type":"WebPage","@id":"https:\/\/www.evaprepeva.com\/zapestniceupanja\/","url":"https:\/\/www.evaprepeva.com\/zapestniceupanja\/","name":"ZAPESTNICE UPANJA - Eva Prepeva","isPartOf":{"@id":"https:\/\/www.evaprepeva.com\/#website"},"primaryImageOfPage":{"@id":"https:\/\/www.evaprepeva.com\/zapestniceupanja\/#primaryimage"},"image":{"@id":"https:\/\/www.evaprepeva.com\/zapestniceupanja\/#primaryimage"},"thumbnailUrl":"https:\/\/i0.wp.com\/www.evaprepeva.com\/wp-content\/uploads\/2023\/10\/20231003_165049-scaled.jpg?fit=1920%2C2560&ssl=1","datePublished":"2023-10-01T17:08:21+00:00","dateModified":"2024-03-19T10:03:56+00:00","description":"Zapestnice upanja so dobrodelni projekt dru\u0161tva Humanitar\u010dek in ustvarjalke Eva Prepeva. Njihov izkupi\u010dek je namenjen \u017ertvam poplav v Sloveniji.","breadcrumb":{"@id":"https:\/\/www.evaprepeva.com\/zapestniceupanja\/#breadcrumb"},"inLanguage":"sl-SI","potentialAction":[{"@type":"ReadAction","target":["https:\/\/www.evaprepeva.com\/zapestniceupanja\/"]}]},{"@type":"ImageObject","inLanguage":"sl-SI","@id":"https:\/\/www.evaprepeva.com\/zapestniceupanja\/#primaryimage","url":"https:\/\/i0.wp.com\/www.evaprepeva.com\/wp-content\/uploads\/2023\/10\/20231003_165049-scaled.jpg?fit=1920%2C2560&ssl=1","contentUrl":"https:\/\/i0.wp.com\/www.evaprepeva.com\/wp-content\/uploads\/2023\/10\/20231003_165049-scaled.jpg?fit=1920%2C2560&ssl=1","width":1920,"height":2560},{"@type":"BreadcrumbList","@id":"https:\/\/www.evaprepeva.com\/zapestniceupanja\/#breadcrumb","itemListElement":[{"@type":"ListItem","position":1,"name":"Home","item":"https:\/\/www.evaprepeva.com\/"},{"@type":"ListItem","position":2,"name":"ZAPESTNICE UPANJA"}]},{"@type":"WebSite","@id":"https:\/\/www.evaprepeva.com\/#website","url":"https:\/\/www.evaprepeva.com\/","name":"Eva Prepeva","description":"","publisher":{"@id":"https:\/\/www.evaprepeva.com\/#organization"},"potentialAction":[{"@type":"SearchAction","target":{"@type":"EntryPoint","urlTemplate":"https:\/\/www.evaprepeva.com\/?s={search_term_string}"},"query-input":{"@type":"PropertyValueSpecification","valueRequired":true,"valueName":"search_term_string"}}],"inLanguage":"sl-SI"},{"@type":"Organization","@id":"https:\/\/www.evaprepeva.com\/#organization","name":"Eva Prepeva","url":"https:\/\/www.evaprepeva.com\/","logo":{"@type":"ImageObject","inLanguage":"sl-SI","@id":"https:\/\/www.evaprepeva.com\/#\/schema\/logo\/image\/","url":"https:\/\/i0.wp.com\/www.evaprepeva.com\/wp-content\/uploads\/2024\/04\/logo-krogec-bel.png?fit=568%2C568&ssl=1","contentUrl":"https:\/\/i0.wp.com\/www.evaprepeva.com\/wp-content\/uploads\/2024\/04\/logo-krogec-bel.png?fit=568%2C568&ssl=1","width":568,"height":568,"caption":"Eva Prepeva"},"image":{"@id":"https:\/\/www.evaprepeva.com\/#\/schema\/logo\/image\/"},"sameAs":["https:\/\/www.facebook.com\/EvaPrepeva","https:\/\/www.instagram.com\/eva_prepeva\/"]}]}},"jetpack_sharing_enabled":true,"_links":{"self":[{"href":"https:\/\/www.evaprepeva.com\/sl\/wp-json\/wp\/v2\/pages\/4062","targetHints":{"allow":["GET"]}}],"collection":[{"href":"https:\/\/www.evaprepeva.com\/sl\/wp-json\/wp\/v2\/pages"}],"about":[{"href":"https:\/\/www.evaprepeva.com\/sl\/wp-json\/wp\/v2\/types\/page"}],"author":[{"embeddable":true,"href":"https:\/\/www.evaprepeva.com\/sl\/wp-json\/wp\/v2\/users\/1"}],"replies":[{"embeddable":true,"href":"https:\/\/www.evaprepeva.com\/sl\/wp-json\/wp\/v2\/comments?post=4062"}],"version-history":[{"count":94,"href":"https:\/\/www.evaprepeva.com\/sl\/wp-json\/wp\/v2\/pages\/4062\/revisions"}],"predecessor-version":[{"id":5197,"href":"https:\/\/www.evaprepeva.com\/sl\/wp-json\/wp\/v2\/pages\/4062\/revisions\/5197"}],"wp:featuredmedia":[{"embeddable":true,"href":"https:\/\/www.evaprepeva.com\/sl\/wp-json\/wp\/v2\/media\/4159"}],"wp:attachment":[{"href":"https:\/\/www.evaprepeva.com\/sl\/wp-json\/wp\/v2\/media?parent=4062"}],"curies":[{"name":"wp","href":"https:\/\/api.w.org\/{rel}","templated":true}]}}