{"id":3998,"date":"2023-08-29T10:58:58","date_gmt":"2023-08-29T10:58:58","guid":{"rendered":"https:\/\/www.evaprepeva.com\/product\/kvackan-podstavek-za-pijaco-2\/"},"modified":"2024-03-19T11:32:08","modified_gmt":"2024-03-19T10:32:08","slug":"kvackan-podstavek-za-pijaco-2","status":"publish","type":"product","link":"https:\/\/www.evaprepeva.com\/sl\/izdelek\/kvackan-podstavek-za-pijaco-2\/","title":{"rendered":"Kva\u010dkan podstavek za skodelico"},"content":{"rendered":"<p>Unikaten kva\u010dkan podstavek za pija\u010do izdelan iz reciklirane bomba\u017ene preje v sivo-modrih odtenkih. Premer podstavka je 11 cm. Super se poda h katerikoli Eva Prepeva skodelici &#8211; za dodatno za\u0161\u010dito povr\u0161ine in za dopolnitev k celotni pivski izku\u0161nji \ud83d\ude09<\/p>\n<p>Avtorica: uSTVARjalnica pa TAka, Tamara Leskovar https:\/\/www.facebook.com\/uSTVARjalnicaPaTAka<\/p>","protected":false},"excerpt":{"rendered":"<p>Kva\u010dkan podstavek za pija\u010do.<\/p>","protected":false},"featured_media":3997,"template":"","meta":{"site-sidebar-layout":"default","site-content-layout":"","ast-site-content-layout":"","site-content-style":"default","site-sidebar-style":"default","ast-global-header-display":"","ast-banner-title-visibility":"","ast-main-header-display":"","ast-hfb-above-header-display":"","ast-hfb-below-header-display":"","ast-hfb-mobile-header-display":"","site-post-title":"","ast-breadcrumbs-content":"","ast-featured-img":"","footer-sml-layout":"","theme-transparent-header-meta":"","adv-header-id-meta":"","stick-header-meta":"","header-above-stick-meta":"","header-main-stick-meta":"","header-below-stick-meta":"","astra-migrate-meta-layouts":"default","ast-page-background-enabled":"default","ast-page-background-meta":{"desktop":{"background-color":"","background-image":"","background-repeat":"repeat","background-position":"center center","background-size":"auto","background-attachment":"scroll","background-type":"","background-media":"","overlay-type":"","overlay-color":"","overlay-gradient":""},"tablet":{"background-color":"","background-image":"","background-repeat":"repeat","background-position":"center center","background-size":"auto","background-attachment":"scroll","background-type":"","background-media":"","overlay-type":"","overlay-color":"","overlay-gradient":""},"mobile":{"background-color":"","background-image":"","background-repeat":"repeat","background-position":"center center","background-size":"auto","background-attachment":"scroll","background-type":"","background-media":"","overlay-type":"","overlay-color":"","overlay-gradient":""}},"ast-content-background-meta":{"desktop":{"background-color":"var(--ast-global-color-5)","background-image":"","background-repeat":"repeat","background-position":"center center","background-size":"auto","background-attachment":"scroll","background-type":"","background-media":"","overlay-type":"","overlay-color":"","overlay-gradient":""},"tablet":{"background-color":"var(--ast-global-color-5)","background-image":"","background-repeat":"repeat","background-position":"center center","background-size":"auto","background-attachment":"scroll","background-type":"","background-media":"","overlay-type":"","overlay-color":"","overlay-gradient":""},"mobile":{"background-color":"var(--ast-global-color-5)","background-image":"","background-repeat":"repeat","background-position":"center center","background-size":"auto","background-attachment":"scroll","background-type":"","background-media":"","overlay-type":"","overlay-color":"","overlay-gradient":""}}},"product_brand":[],"product_cat":[50],"product_tag":[],"class_list":{"0":"post-3998","1":"product","2":"type-product","3":"status-publish","4":"has-post-thumbnail","6":"product_cat-vases-teapots-more","7":"desktop-align-left","8":"tablet-align-left","9":"mobile-align-left","11":"first","12":"outofstock","13":"sold-individually","14":"taxable","15":"shipping-taxable","16":"purchasable","17":"product-type-simple"},"yoast_head":"<!-- This site is optimized with the Yoast SEO plugin v27.3 - https:\/\/yoast.com\/product\/yoast-seo-wordpress\/ -->\n<title>Kva\u010dkan podstavek za skodelico - Evaprepeva<\/title>\n<meta name=\"robots\" content=\"index, follow, max-snippet:-1, max-image-preview:large, max-video-preview:-1\" \/>\n<link rel=\"canonical\" href=\"https:\/\/www.evaprepeva.com\/sl\/izdelek\/kvackan-podstavek-za-pijaco-2\/\" \/>\n<meta property=\"og:locale\" content=\"sl_SI\" \/>\n<meta property=\"og:type\" content=\"article\" \/>\n<meta property=\"og:title\" content=\"Kva\u010dkan podstavek za skodelico - Evaprepeva\" \/>\n<meta property=\"og:description\" content=\"Kva\u010dkan podstavek za pija\u010do.\" \/>\n<meta property=\"og:url\" content=\"https:\/\/www.evaprepeva.com\/sl\/izdelek\/kvackan-podstavek-za-pijaco-2\/\" \/>\n<meta property=\"og:site_name\" content=\"Evaprepeva\" \/>\n<meta property=\"article:publisher\" content=\"https:\/\/www.facebook.com\/EvaPrepeva\" \/>\n<meta property=\"article:modified_time\" content=\"2024-03-19T10:32:08+00:00\" \/>\n<meta property=\"og:image\" content=\"https:\/\/www.evaprepeva.com\/wp-content\/uploads\/2023\/08\/1000018821-1-scaled.jpg\" \/>\n\t<meta property=\"og:image:width\" content=\"1920\" \/>\n\t<meta property=\"og:image:height\" content=\"2560\" \/>\n\t<meta property=\"og:image:type\" content=\"image\/jpeg\" \/>\n<meta name=\"twitter:card\" content=\"summary_large_image\" \/>\n<script type=\"application\/ld+json\" class=\"yoast-schema-graph\">{\"@context\":\"https:\\\/\\\/schema.org\",\"@graph\":[{\"@type\":\"WebPage\",\"@id\":\"https:\\\/\\\/www.evaprepeva.com\\\/product\\\/kvackan-podstavek-za-pijaco-2\\\/\",\"url\":\"https:\\\/\\\/www.evaprepeva.com\\\/product\\\/kvackan-podstavek-za-pijaco-2\\\/\",\"name\":\"Kva\u010dkan podstavek za skodelico - Evaprepeva\",\"isPartOf\":{\"@id\":\"https:\\\/\\\/www.evaprepeva.com\\\/#website\"},\"primaryImageOfPage\":{\"@id\":\"https:\\\/\\\/www.evaprepeva.com\\\/product\\\/kvackan-podstavek-za-pijaco-2\\\/#primaryimage\"},\"image\":{\"@id\":\"https:\\\/\\\/www.evaprepeva.com\\\/product\\\/kvackan-podstavek-za-pijaco-2\\\/#primaryimage\"},\"thumbnailUrl\":\"https:\\\/\\\/i0.wp.com\\\/www.evaprepeva.com\\\/wp-content\\\/uploads\\\/2023\\\/08\\\/1000018821-1-scaled.jpg?fit=1920%2C2560&ssl=1\",\"datePublished\":\"2023-08-29T10:58:58+00:00\",\"dateModified\":\"2024-03-19T10:32:08+00:00\",\"breadcrumb\":{\"@id\":\"https:\\\/\\\/www.evaprepeva.com\\\/product\\\/kvackan-podstavek-za-pijaco-2\\\/#breadcrumb\"},\"inLanguage\":\"sl-SI\",\"potentialAction\":[{\"@type\":\"ReadAction\",\"target\":[\"https:\\\/\\\/www.evaprepeva.com\\\/product\\\/kvackan-podstavek-za-pijaco-2\\\/\"]}]},{\"@type\":\"ImageObject\",\"inLanguage\":\"sl-SI\",\"@id\":\"https:\\\/\\\/www.evaprepeva.com\\\/product\\\/kvackan-podstavek-za-pijaco-2\\\/#primaryimage\",\"url\":\"https:\\\/\\\/i0.wp.com\\\/www.evaprepeva.com\\\/wp-content\\\/uploads\\\/2023\\\/08\\\/1000018821-1-scaled.jpg?fit=1920%2C2560&ssl=1\",\"contentUrl\":\"https:\\\/\\\/i0.wp.com\\\/www.evaprepeva.com\\\/wp-content\\\/uploads\\\/2023\\\/08\\\/1000018821-1-scaled.jpg?fit=1920%2C2560&ssl=1\",\"width\":1920,\"height\":2560},{\"@type\":\"BreadcrumbList\",\"@id\":\"https:\\\/\\\/www.evaprepeva.com\\\/product\\\/kvackan-podstavek-za-pijaco-2\\\/#breadcrumb\",\"itemListElement\":[{\"@type\":\"ListItem\",\"position\":1,\"name\":\"Home\",\"item\":\"https:\\\/\\\/www.evaprepeva.com\\\/\"},{\"@type\":\"ListItem\",\"position\":2,\"name\":\"Shop\",\"item\":\"https:\\\/\\\/www.evaprepeva.com\\\/shop\\\/\"},{\"@type\":\"ListItem\",\"position\":3,\"name\":\"Kva\u010dkan podstavek za skodelico\"}]},{\"@type\":\"WebSite\",\"@id\":\"https:\\\/\\\/www.evaprepeva.com\\\/#website\",\"url\":\"https:\\\/\\\/www.evaprepeva.com\\\/\",\"name\":\"Eva Prepeva\",\"description\":\"\",\"publisher\":{\"@id\":\"https:\\\/\\\/www.evaprepeva.com\\\/#organization\"},\"potentialAction\":[{\"@type\":\"SearchAction\",\"target\":{\"@type\":\"EntryPoint\",\"urlTemplate\":\"https:\\\/\\\/www.evaprepeva.com\\\/?s={search_term_string}\"},\"query-input\":{\"@type\":\"PropertyValueSpecification\",\"valueRequired\":true,\"valueName\":\"search_term_string\"}}],\"inLanguage\":\"sl-SI\"},{\"@type\":\"Organization\",\"@id\":\"https:\\\/\\\/www.evaprepeva.com\\\/#organization\",\"name\":\"Eva Prepeva\",\"url\":\"https:\\\/\\\/www.evaprepeva.com\\\/\",\"logo\":{\"@type\":\"ImageObject\",\"inLanguage\":\"sl-SI\",\"@id\":\"https:\\\/\\\/www.evaprepeva.com\\\/#\\\/schema\\\/logo\\\/image\\\/\",\"url\":\"https:\\\/\\\/i0.wp.com\\\/www.evaprepeva.com\\\/wp-content\\\/uploads\\\/2024\\\/04\\\/logo-krogec-bel.png?fit=568%2C568&ssl=1\",\"contentUrl\":\"https:\\\/\\\/i0.wp.com\\\/www.evaprepeva.com\\\/wp-content\\\/uploads\\\/2024\\\/04\\\/logo-krogec-bel.png?fit=568%2C568&ssl=1\",\"width\":568,\"height\":568,\"caption\":\"Eva Prepeva\"},\"image\":{\"@id\":\"https:\\\/\\\/www.evaprepeva.com\\\/#\\\/schema\\\/logo\\\/image\\\/\"},\"sameAs\":[\"https:\\\/\\\/www.facebook.com\\\/EvaPrepeva\",\"https:\\\/\\\/www.instagram.com\\\/eva_prepeva\\\/\"]}]}<\/script>\n<!-- \/ Yoast SEO plugin. -->","yoast_head_json":{"title":"Kva\u010dkan podstavek za skodelico - Evaprepeva","robots":{"index":"index","follow":"follow","max-snippet":"max-snippet:-1","max-image-preview":"max-image-preview:large","max-video-preview":"max-video-preview:-1"},"canonical":"https:\/\/www.evaprepeva.com\/sl\/izdelek\/kvackan-podstavek-za-pijaco-2\/","og_locale":"sl_SI","og_type":"article","og_title":"Kva\u010dkan podstavek za skodelico - Evaprepeva","og_description":"Kva\u010dkan podstavek za pija\u010do.","og_url":"https:\/\/www.evaprepeva.com\/sl\/izdelek\/kvackan-podstavek-za-pijaco-2\/","og_site_name":"Evaprepeva","article_publisher":"https:\/\/www.facebook.com\/EvaPrepeva","article_modified_time":"2024-03-19T10:32:08+00:00","og_image":[{"width":1920,"height":2560,"url":"https:\/\/www.evaprepeva.com\/wp-content\/uploads\/2023\/08\/1000018821-1-scaled.jpg","type":"image\/jpeg"}],"twitter_card":"summary_large_image","schema":{"@context":"https:\/\/schema.org","@graph":[{"@type":"WebPage","@id":"https:\/\/www.evaprepeva.com\/product\/kvackan-podstavek-za-pijaco-2\/","url":"https:\/\/www.evaprepeva.com\/product\/kvackan-podstavek-za-pijaco-2\/","name":"Kva\u010dkan podstavek za skodelico - Evaprepeva","isPartOf":{"@id":"https:\/\/www.evaprepeva.com\/#website"},"primaryImageOfPage":{"@id":"https:\/\/www.evaprepeva.com\/product\/kvackan-podstavek-za-pijaco-2\/#primaryimage"},"image":{"@id":"https:\/\/www.evaprepeva.com\/product\/kvackan-podstavek-za-pijaco-2\/#primaryimage"},"thumbnailUrl":"https:\/\/i0.wp.com\/www.evaprepeva.com\/wp-content\/uploads\/2023\/08\/1000018821-1-scaled.jpg?fit=1920%2C2560&ssl=1","datePublished":"2023-08-29T10:58:58+00:00","dateModified":"2024-03-19T10:32:08+00:00","breadcrumb":{"@id":"https:\/\/www.evaprepeva.com\/product\/kvackan-podstavek-za-pijaco-2\/#breadcrumb"},"inLanguage":"sl-SI","potentialAction":[{"@type":"ReadAction","target":["https:\/\/www.evaprepeva.com\/product\/kvackan-podstavek-za-pijaco-2\/"]}]},{"@type":"ImageObject","inLanguage":"sl-SI","@id":"https:\/\/www.evaprepeva.com\/product\/kvackan-podstavek-za-pijaco-2\/#primaryimage","url":"https:\/\/i0.wp.com\/www.evaprepeva.com\/wp-content\/uploads\/2023\/08\/1000018821-1-scaled.jpg?fit=1920%2C2560&ssl=1","contentUrl":"https:\/\/i0.wp.com\/www.evaprepeva.com\/wp-content\/uploads\/2023\/08\/1000018821-1-scaled.jpg?fit=1920%2C2560&ssl=1","width":1920,"height":2560},{"@type":"BreadcrumbList","@id":"https:\/\/www.evaprepeva.com\/product\/kvackan-podstavek-za-pijaco-2\/#breadcrumb","itemListElement":[{"@type":"ListItem","position":1,"name":"Home","item":"https:\/\/www.evaprepeva.com\/"},{"@type":"ListItem","position":2,"name":"Shop","item":"https:\/\/www.evaprepeva.com\/shop\/"},{"@type":"ListItem","position":3,"name":"Kva\u010dkan podstavek za skodelico"}]},{"@type":"WebSite","@id":"https:\/\/www.evaprepeva.com\/#website","url":"https:\/\/www.evaprepeva.com\/","name":"Eva Prepeva","description":"","publisher":{"@id":"https:\/\/www.evaprepeva.com\/#organization"},"potentialAction":[{"@type":"SearchAction","target":{"@type":"EntryPoint","urlTemplate":"https:\/\/www.evaprepeva.com\/?s={search_term_string}"},"query-input":{"@type":"PropertyValueSpecification","valueRequired":true,"valueName":"search_term_string"}}],"inLanguage":"sl-SI"},{"@type":"Organization","@id":"https:\/\/www.evaprepeva.com\/#organization","name":"Eva Prepeva","url":"https:\/\/www.evaprepeva.com\/","logo":{"@type":"ImageObject","inLanguage":"sl-SI","@id":"https:\/\/www.evaprepeva.com\/#\/schema\/logo\/image\/","url":"https:\/\/i0.wp.com\/www.evaprepeva.com\/wp-content\/uploads\/2024\/04\/logo-krogec-bel.png?fit=568%2C568&ssl=1","contentUrl":"https:\/\/i0.wp.com\/www.evaprepeva.com\/wp-content\/uploads\/2024\/04\/logo-krogec-bel.png?fit=568%2C568&ssl=1","width":568,"height":568,"caption":"Eva Prepeva"},"image":{"@id":"https:\/\/www.evaprepeva.com\/#\/schema\/logo\/image\/"},"sameAs":["https:\/\/www.facebook.com\/EvaPrepeva","https:\/\/www.instagram.com\/eva_prepeva\/"]}]}},"jetpack_sharing_enabled":true,"_links":{"self":[{"href":"https:\/\/www.evaprepeva.com\/sl\/wp-json\/wp\/v2\/product\/3998","targetHints":{"allow":["GET"]}}],"collection":[{"href":"https:\/\/www.evaprepeva.com\/sl\/wp-json\/wp\/v2\/product"}],"about":[{"href":"https:\/\/www.evaprepeva.com\/sl\/wp-json\/wp\/v2\/types\/product"}],"wp:featuredmedia":[{"embeddable":true,"href":"https:\/\/www.evaprepeva.com\/sl\/wp-json\/wp\/v2\/media\/3997"}],"wp:attachment":[{"href":"https:\/\/www.evaprepeva.com\/sl\/wp-json\/wp\/v2\/media?parent=3998"}],"wp:term":[{"taxonomy":"product_brand","embeddable":true,"href":"https:\/\/www.evaprepeva.com\/sl\/wp-json\/wp\/v2\/product_brand?post=3998"},{"taxonomy":"product_cat","embeddable":true,"href":"https:\/\/www.evaprepeva.com\/sl\/wp-json\/wp\/v2\/product_cat?post=3998"},{"taxonomy":"product_tag","embeddable":true,"href":"https:\/\/www.evaprepeva.com\/sl\/wp-json\/wp\/v2\/product_tag?post=3998"}],"curies":[{"name":"wp","href":"https:\/\/api.w.org\/{rel}","templated":true}]}}