{"id":6739,"date":"2025-07-05T15:50:43","date_gmt":"2025-07-05T13:50:43","guid":{"rendered":"https:\/\/www.evaprepeva.com\/product\/lesenozgana-skodelica-porisana\/"},"modified":"2025-07-08T15:48:44","modified_gmt":"2025-07-08T13:48:44","slug":"lesenozgana-skodelica-porisana","status":"publish","type":"product","link":"https:\/\/www.evaprepeva.com\/sl\/izdelek\/lesenozgana-skodelica-porisana\/","title":{"rendered":"Leseno\u017egana skodelica porisana"},"content":{"rendered":"<p>Unikatna leseno\u017egana skodelica v beli barvi s \u010drno risbo in \u010dudovitimi zelenkastimi efekti na povr\u0161ini. Skodelica je primerna za nekje 3 dcl va\u0161ega najljub\u0161ega napitka.<\/p>\n<p>Skodelica ima na notranji strani en lepotni mehur\u010dek (posledica zelo visokega \u017eganja &#8211; glej zadnjo fotografijo), ki ne vpliva na funkcionalnost skodelice. Zato zanjo velja tudi zni\u017eana cena.<\/p>\n<p>Pa \u0161e nekaj misli o tem \u010dudovitem postopku z besedami Anje Slapni\u010dar, ki o leseno\u017egani keramiki pi\u0161e v blogu na svoji spletni strani:<\/p>\n<p>&#8220;Rezultat \u017eganja na drva so sijajne in matirane povr\u0161ine, pokanje in kapljice pepela oz. pepelnate glazure, ki te\u010de po izdelkih, in prekinjena in prelivajo\u010da se obmo\u010dja, ki jih je povzro\u010dil ogenj. Vsi rezultati so zelo za\u017eeljeni.<br \/>\n\u017dganje na drva pove\u017ee umetnika s svojim delom skozi celoten in zaklju\u010den proces. Proces ima lahko negotove rezultate, na katere sku\u0161a umetnik odgovoriti pri naslednjem \u017eganju.&#8221;<\/p>","protected":false},"excerpt":{"rendered":"<p>Kerami\u010dna leseno\u017egana skodelica bela<\/p>","protected":false},"featured_media":6732,"template":"","meta":{"site-sidebar-layout":"default","site-content-layout":"","ast-site-content-layout":"","site-content-style":"default","site-sidebar-style":"default","ast-global-header-display":"","ast-banner-title-visibility":"","ast-main-header-display":"","ast-hfb-above-header-display":"","ast-hfb-below-header-display":"","ast-hfb-mobile-header-display":"","site-post-title":"","ast-breadcrumbs-content":"","ast-featured-img":"","footer-sml-layout":"","theme-transparent-header-meta":"","adv-header-id-meta":"","stick-header-meta":"","header-above-stick-meta":"","header-main-stick-meta":"","header-below-stick-meta":"","astra-migrate-meta-layouts":"default","ast-page-background-enabled":"default","ast-page-background-meta":{"desktop":{"background-color":"","background-image":"","background-repeat":"repeat","background-position":"center center","background-size":"auto","background-attachment":"scroll","background-type":"","background-media":"","overlay-type":"","overlay-color":"","overlay-gradient":""},"tablet":{"background-color":"","background-image":"","background-repeat":"repeat","background-position":"center center","background-size":"auto","background-attachment":"scroll","background-type":"","background-media":"","overlay-type":"","overlay-color":"","overlay-gradient":""},"mobile":{"background-color":"","background-image":"","background-repeat":"repeat","background-position":"center center","background-size":"auto","background-attachment":"scroll","background-type":"","background-media":"","overlay-type":"","overlay-color":"","overlay-gradient":""}},"ast-content-background-meta":{"desktop":{"background-color":"var(--ast-global-color-5)","background-image":"","background-repeat":"repeat","background-position":"center center","background-size":"auto","background-attachment":"scroll","background-type":"","background-media":"","overlay-type":"","overlay-color":"","overlay-gradient":""},"tablet":{"background-color":"var(--ast-global-color-5)","background-image":"","background-repeat":"repeat","background-position":"center center","background-size":"auto","background-attachment":"scroll","background-type":"","background-media":"","overlay-type":"","overlay-color":"","overlay-gradient":""},"mobile":{"background-color":"var(--ast-global-color-5)","background-image":"","background-repeat":"repeat","background-position":"center center","background-size":"auto","background-attachment":"scroll","background-type":"","background-media":"","overlay-type":"","overlay-color":"","overlay-gradient":""}}},"product_brand":[],"product_cat":[29],"product_tag":[],"class_list":{"0":"post-6739","1":"product","2":"type-product","3":"status-publish","4":"has-post-thumbnail","6":"product_cat-mugs","7":"desktop-align-left","8":"tablet-align-left","9":"mobile-align-left","11":"first","12":"outofstock","13":"sale","14":"sold-individually","15":"taxable","16":"shipping-taxable","17":"purchasable","18":"product-type-simple"},"yoast_head":"<!-- This site is optimized with the Yoast SEO plugin v27.3 - https:\/\/yoast.com\/product\/yoast-seo-wordpress\/ -->\n<title>Leseno\u017egana skodelica porisana - Evaprepeva<\/title>\n<meta name=\"robots\" content=\"index, follow, max-snippet:-1, max-image-preview:large, max-video-preview:-1\" \/>\n<link rel=\"canonical\" href=\"https:\/\/www.evaprepeva.com\/sl\/izdelek\/lesenozgana-skodelica-porisana\/\" \/>\n<meta property=\"og:locale\" content=\"sl_SI\" \/>\n<meta property=\"og:type\" content=\"article\" \/>\n<meta property=\"og:title\" content=\"Leseno\u017egana skodelica porisana - Evaprepeva\" \/>\n<meta property=\"og:description\" content=\"Kerami\u010dna leseno\u017egana skodelica bela\" \/>\n<meta property=\"og:url\" content=\"https:\/\/www.evaprepeva.com\/sl\/izdelek\/lesenozgana-skodelica-porisana\/\" \/>\n<meta property=\"og:site_name\" content=\"Evaprepeva\" \/>\n<meta property=\"article:publisher\" content=\"https:\/\/www.facebook.com\/EvaPrepeva\" \/>\n<meta property=\"article:modified_time\" content=\"2025-07-08T13:48:44+00:00\" \/>\n<meta property=\"og:image\" content=\"https:\/\/i0.wp.com\/www.evaprepeva.com\/wp-content\/uploads\/2023\/10\/20231003_165348-scaled.jpg?fit=2560%2C1920&ssl=1\" \/>\n\t<meta property=\"og:image:width\" content=\"2560\" \/>\n\t<meta property=\"og:image:height\" content=\"1920\" \/>\n\t<meta property=\"og:image:type\" content=\"image\/jpeg\" \/>\n<meta name=\"twitter:card\" content=\"summary_large_image\" \/>\n<meta name=\"twitter:label1\" content=\"Est. reading time\" \/>\n\t<meta name=\"twitter:data1\" content=\"1 minuta\" \/>\n<script type=\"application\/ld+json\" class=\"yoast-schema-graph\">{\"@context\":\"https:\\\/\\\/schema.org\",\"@graph\":[{\"@type\":\"WebPage\",\"@id\":\"https:\\\/\\\/www.evaprepeva.com\\\/product\\\/lesenozgana-skodelica-porisana\\\/\",\"url\":\"https:\\\/\\\/www.evaprepeva.com\\\/product\\\/lesenozgana-skodelica-porisana\\\/\",\"name\":\"Leseno\u017egana skodelica porisana - Evaprepeva\",\"isPartOf\":{\"@id\":\"https:\\\/\\\/www.evaprepeva.com\\\/#website\"},\"primaryImageOfPage\":{\"@id\":\"https:\\\/\\\/www.evaprepeva.com\\\/product\\\/lesenozgana-skodelica-porisana\\\/#primaryimage\"},\"image\":{\"@id\":\"https:\\\/\\\/www.evaprepeva.com\\\/product\\\/lesenozgana-skodelica-porisana\\\/#primaryimage\"},\"thumbnailUrl\":\"https:\\\/\\\/i0.wp.com\\\/www.evaprepeva.com\\\/wp-content\\\/uploads\\\/2025\\\/07\\\/1000041262-scaled.jpg?fit=1920%2C2560&ssl=1\",\"datePublished\":\"2025-07-05T13:50:43+00:00\",\"dateModified\":\"2025-07-08T13:48:44+00:00\",\"breadcrumb\":{\"@id\":\"https:\\\/\\\/www.evaprepeva.com\\\/product\\\/lesenozgana-skodelica-porisana\\\/#breadcrumb\"},\"inLanguage\":\"sl-SI\",\"potentialAction\":[{\"@type\":\"ReadAction\",\"target\":[\"https:\\\/\\\/www.evaprepeva.com\\\/product\\\/lesenozgana-skodelica-porisana\\\/\"]}]},{\"@type\":\"ImageObject\",\"inLanguage\":\"sl-SI\",\"@id\":\"https:\\\/\\\/www.evaprepeva.com\\\/product\\\/lesenozgana-skodelica-porisana\\\/#primaryimage\",\"url\":\"https:\\\/\\\/i0.wp.com\\\/www.evaprepeva.com\\\/wp-content\\\/uploads\\\/2025\\\/07\\\/1000041262-scaled.jpg?fit=1920%2C2560&ssl=1\",\"contentUrl\":\"https:\\\/\\\/i0.wp.com\\\/www.evaprepeva.com\\\/wp-content\\\/uploads\\\/2025\\\/07\\\/1000041262-scaled.jpg?fit=1920%2C2560&ssl=1\",\"width\":1920,\"height\":2560},{\"@type\":\"BreadcrumbList\",\"@id\":\"https:\\\/\\\/www.evaprepeva.com\\\/product\\\/lesenozgana-skodelica-porisana\\\/#breadcrumb\",\"itemListElement\":[{\"@type\":\"ListItem\",\"position\":1,\"name\":\"Home\",\"item\":\"https:\\\/\\\/www.evaprepeva.com\\\/\"},{\"@type\":\"ListItem\",\"position\":2,\"name\":\"Shop\",\"item\":\"https:\\\/\\\/www.evaprepeva.com\\\/shop\\\/\"},{\"@type\":\"ListItem\",\"position\":3,\"name\":\"Leseno\u017egana skodelica porisana\"}]},{\"@type\":\"WebSite\",\"@id\":\"https:\\\/\\\/www.evaprepeva.com\\\/#website\",\"url\":\"https:\\\/\\\/www.evaprepeva.com\\\/\",\"name\":\"Eva Prepeva\",\"description\":\"\",\"publisher\":{\"@id\":\"https:\\\/\\\/www.evaprepeva.com\\\/#organization\"},\"potentialAction\":[{\"@type\":\"SearchAction\",\"target\":{\"@type\":\"EntryPoint\",\"urlTemplate\":\"https:\\\/\\\/www.evaprepeva.com\\\/?s={search_term_string}\"},\"query-input\":{\"@type\":\"PropertyValueSpecification\",\"valueRequired\":true,\"valueName\":\"search_term_string\"}}],\"inLanguage\":\"sl-SI\"},{\"@type\":\"Organization\",\"@id\":\"https:\\\/\\\/www.evaprepeva.com\\\/#organization\",\"name\":\"Eva Prepeva\",\"url\":\"https:\\\/\\\/www.evaprepeva.com\\\/\",\"logo\":{\"@type\":\"ImageObject\",\"inLanguage\":\"sl-SI\",\"@id\":\"https:\\\/\\\/www.evaprepeva.com\\\/#\\\/schema\\\/logo\\\/image\\\/\",\"url\":\"https:\\\/\\\/i0.wp.com\\\/www.evaprepeva.com\\\/wp-content\\\/uploads\\\/2024\\\/04\\\/logo-krogec-bel.png?fit=568%2C568&ssl=1\",\"contentUrl\":\"https:\\\/\\\/i0.wp.com\\\/www.evaprepeva.com\\\/wp-content\\\/uploads\\\/2024\\\/04\\\/logo-krogec-bel.png?fit=568%2C568&ssl=1\",\"width\":568,\"height\":568,\"caption\":\"Eva Prepeva\"},\"image\":{\"@id\":\"https:\\\/\\\/www.evaprepeva.com\\\/#\\\/schema\\\/logo\\\/image\\\/\"},\"sameAs\":[\"https:\\\/\\\/www.facebook.com\\\/EvaPrepeva\",\"https:\\\/\\\/www.instagram.com\\\/eva_prepeva\\\/\"]}]}<\/script>\n<!-- \/ Yoast SEO plugin. -->","yoast_head_json":{"title":"Leseno\u017egana skodelica porisana - Evaprepeva","robots":{"index":"index","follow":"follow","max-snippet":"max-snippet:-1","max-image-preview":"max-image-preview:large","max-video-preview":"max-video-preview:-1"},"canonical":"https:\/\/www.evaprepeva.com\/sl\/izdelek\/lesenozgana-skodelica-porisana\/","og_locale":"sl_SI","og_type":"article","og_title":"Leseno\u017egana skodelica porisana - Evaprepeva","og_description":"Kerami\u010dna leseno\u017egana skodelica bela","og_url":"https:\/\/www.evaprepeva.com\/sl\/izdelek\/lesenozgana-skodelica-porisana\/","og_site_name":"Evaprepeva","article_publisher":"https:\/\/www.facebook.com\/EvaPrepeva","article_modified_time":"2025-07-08T13:48:44+00:00","og_image":[{"width":2560,"height":1920,"url":"https:\/\/i0.wp.com\/www.evaprepeva.com\/wp-content\/uploads\/2023\/10\/20231003_165348-scaled.jpg?fit=2560%2C1920&ssl=1","type":"image\/jpeg"}],"twitter_card":"summary_large_image","twitter_misc":{"Est. reading time":"1 minuta"},"schema":{"@context":"https:\/\/schema.org","@graph":[{"@type":"WebPage","@id":"https:\/\/www.evaprepeva.com\/product\/lesenozgana-skodelica-porisana\/","url":"https:\/\/www.evaprepeva.com\/product\/lesenozgana-skodelica-porisana\/","name":"Leseno\u017egana skodelica porisana - Evaprepeva","isPartOf":{"@id":"https:\/\/www.evaprepeva.com\/#website"},"primaryImageOfPage":{"@id":"https:\/\/www.evaprepeva.com\/product\/lesenozgana-skodelica-porisana\/#primaryimage"},"image":{"@id":"https:\/\/www.evaprepeva.com\/product\/lesenozgana-skodelica-porisana\/#primaryimage"},"thumbnailUrl":"https:\/\/i0.wp.com\/www.evaprepeva.com\/wp-content\/uploads\/2025\/07\/1000041262-scaled.jpg?fit=1920%2C2560&ssl=1","datePublished":"2025-07-05T13:50:43+00:00","dateModified":"2025-07-08T13:48:44+00:00","breadcrumb":{"@id":"https:\/\/www.evaprepeva.com\/product\/lesenozgana-skodelica-porisana\/#breadcrumb"},"inLanguage":"sl-SI","potentialAction":[{"@type":"ReadAction","target":["https:\/\/www.evaprepeva.com\/product\/lesenozgana-skodelica-porisana\/"]}]},{"@type":"ImageObject","inLanguage":"sl-SI","@id":"https:\/\/www.evaprepeva.com\/product\/lesenozgana-skodelica-porisana\/#primaryimage","url":"https:\/\/i0.wp.com\/www.evaprepeva.com\/wp-content\/uploads\/2025\/07\/1000041262-scaled.jpg?fit=1920%2C2560&ssl=1","contentUrl":"https:\/\/i0.wp.com\/www.evaprepeva.com\/wp-content\/uploads\/2025\/07\/1000041262-scaled.jpg?fit=1920%2C2560&ssl=1","width":1920,"height":2560},{"@type":"BreadcrumbList","@id":"https:\/\/www.evaprepeva.com\/product\/lesenozgana-skodelica-porisana\/#breadcrumb","itemListElement":[{"@type":"ListItem","position":1,"name":"Home","item":"https:\/\/www.evaprepeva.com\/"},{"@type":"ListItem","position":2,"name":"Shop","item":"https:\/\/www.evaprepeva.com\/shop\/"},{"@type":"ListItem","position":3,"name":"Leseno\u017egana skodelica porisana"}]},{"@type":"WebSite","@id":"https:\/\/www.evaprepeva.com\/#website","url":"https:\/\/www.evaprepeva.com\/","name":"Eva Prepeva","description":"","publisher":{"@id":"https:\/\/www.evaprepeva.com\/#organization"},"potentialAction":[{"@type":"SearchAction","target":{"@type":"EntryPoint","urlTemplate":"https:\/\/www.evaprepeva.com\/?s={search_term_string}"},"query-input":{"@type":"PropertyValueSpecification","valueRequired":true,"valueName":"search_term_string"}}],"inLanguage":"sl-SI"},{"@type":"Organization","@id":"https:\/\/www.evaprepeva.com\/#organization","name":"Eva Prepeva","url":"https:\/\/www.evaprepeva.com\/","logo":{"@type":"ImageObject","inLanguage":"sl-SI","@id":"https:\/\/www.evaprepeva.com\/#\/schema\/logo\/image\/","url":"https:\/\/i0.wp.com\/www.evaprepeva.com\/wp-content\/uploads\/2024\/04\/logo-krogec-bel.png?fit=568%2C568&ssl=1","contentUrl":"https:\/\/i0.wp.com\/www.evaprepeva.com\/wp-content\/uploads\/2024\/04\/logo-krogec-bel.png?fit=568%2C568&ssl=1","width":568,"height":568,"caption":"Eva Prepeva"},"image":{"@id":"https:\/\/www.evaprepeva.com\/#\/schema\/logo\/image\/"},"sameAs":["https:\/\/www.facebook.com\/EvaPrepeva","https:\/\/www.instagram.com\/eva_prepeva\/"]}]}},"jetpack_sharing_enabled":true,"_links":{"self":[{"href":"https:\/\/www.evaprepeva.com\/sl\/wp-json\/wp\/v2\/product\/6739","targetHints":{"allow":["GET"]}}],"collection":[{"href":"https:\/\/www.evaprepeva.com\/sl\/wp-json\/wp\/v2\/product"}],"about":[{"href":"https:\/\/www.evaprepeva.com\/sl\/wp-json\/wp\/v2\/types\/product"}],"wp:featuredmedia":[{"embeddable":true,"href":"https:\/\/www.evaprepeva.com\/sl\/wp-json\/wp\/v2\/media\/6732"}],"wp:attachment":[{"href":"https:\/\/www.evaprepeva.com\/sl\/wp-json\/wp\/v2\/media?parent=6739"}],"wp:term":[{"taxonomy":"product_brand","embeddable":true,"href":"https:\/\/www.evaprepeva.com\/sl\/wp-json\/wp\/v2\/product_brand?post=6739"},{"taxonomy":"product_cat","embeddable":true,"href":"https:\/\/www.evaprepeva.com\/sl\/wp-json\/wp\/v2\/product_cat?post=6739"},{"taxonomy":"product_tag","embeddable":true,"href":"https:\/\/www.evaprepeva.com\/sl\/wp-json\/wp\/v2\/product_tag?post=6739"}],"curies":[{"name":"wp","href":"https:\/\/api.w.org\/{rel}","templated":true}]}}